{"id":6,"date":"2012-07-19T12:48:25","date_gmt":"2012-07-19T12:48:25","guid":{"rendered":"http:\/\/www.cssigniter.com\/preview\/aegean\/?page_id=6"},"modified":"2023-07-10T16:00:22","modified_gmt":"2023-07-10T16:00:22","slug":"homepage","status":"publish","type":"page","link":"https:\/\/kunsthausapartmentsvienna.com\/de\/","title":{"rendered":"Willkommen in den Kunsthaus Apartments in der Landstra\u00dfe, 1030 Wien"},"content":{"rendered":"<p>Die stilvollen Kunsthaus Apartments befinden sich in einem historischen Geb\u00e4ude mit hohen Decken neben dem Kunsthaus Wien und dem Hundertwasser Museum. Es bietet Ausblicke auf den Donaukanal und auf die Originalfassade des Kunsthauses.<\/p>\n<p>Die Apartments im Kunsthaus sind mit ausgew\u00e4hlten antiken M\u00f6belst\u00fccken ausgestattet und verf\u00fcgen \u00fcber eine voll ausgestattete K\u00fcche mit einem Geschirrsp\u00fcler und einer Mikrowelle. Kostenloses WLAN und eine Fu\u00dfbodenheizung sind ebenfalls vorhanden. Die meisten Einheiten sind \u00fcber einen Aufzug erreichbar.<\/p>","protected":false},"excerpt":{"rendered":"<p>The stylish Kunsthaus Apartments are located in a historic building with high ceilings next to the Kunsthaus Wien and the Hundertwasser Museum. It offers views over the Donaukanal and of the original fa\u00e7ade of the Kunsthaus. Featuring selected antique pieces of furniture, the Kunsthaus apartments come with a fully equipped&#8230;<\/p>","protected":false},"author":1,"featured_media":695,"parent":0,"menu_order":0,"comment_status":"closed","ping_status":"closed","template":"template-front.php","meta":{"footnotes":""},"class_list":["post-6","page","type-page","status-publish","has-post-thumbnail","hentry"],"yoast_head":"<!-- This site is optimized with the Yoast SEO plugin v27.2 - https:\/\/yoast.com\/product\/yoast-seo-wordpress\/ -->\n<title>Welcome to Kunsthaus Apartments in Landstrasse, 1030 Vienna - Kunsthaus Apartments<\/title>\n<meta name=\"description\" content=\"Discover the Kunsthaus Apartments in Landstrasse, 1030 Vienna. These beautiful apartments located in Austria&#039;s vibrant capital city of Vienna offer a comfortable and convenient stay for travelers. Explore the amenities, services, and attractions nearby.\" \/>\n<meta name=\"robots\" content=\"index, follow, max-snippet:-1, max-image-preview:large, max-video-preview:-1\" \/>\n<link rel=\"canonical\" href=\"https:\/\/kunsthausapartmentsvienna.com\/de\/\" \/>\n<meta property=\"og:locale\" content=\"de_DE\" \/>\n<meta property=\"og:type\" content=\"article\" \/>\n<meta property=\"og:title\" content=\"Welcome to Kunsthaus Apartments in Landstrasse, 1030 Vienna - Kunsthaus Apartments\" \/>\n<meta property=\"og:description\" content=\"Discover the Kunsthaus Apartments in Landstrasse, 1030 Vienna. These beautiful apartments located in Austria&#039;s vibrant capital city of Vienna offer a comfortable and convenient stay for travelers. Explore the amenities, services, and attractions nearby.\" \/>\n<meta property=\"og:url\" content=\"https:\/\/kunsthausapartmentsvienna.com\/de\/\" \/>\n<meta property=\"og:site_name\" content=\"Kunsthaus Apartments\" \/>\n<meta property=\"article:publisher\" content=\"https:\/\/www.facebook.com\/kunsthausapartments\" \/>\n<meta property=\"article:modified_time\" content=\"2023-07-10T16:00:22+00:00\" \/>\n<meta property=\"og:image\" content=\"https:\/\/kunsthausapartmentsvienna.com\/wp-content\/uploads\/2023\/07\/11446455.jpg\" \/>\n\t<meta property=\"og:image:width\" content=\"1024\" \/>\n\t<meta property=\"og:image:height\" content=\"685\" \/>\n\t<meta property=\"og:image:type\" content=\"image\/jpeg\" \/>\n<meta name=\"twitter:card\" content=\"summary_large_image\" \/>\n<meta name=\"twitter:label1\" content=\"Gesch\u00e4tzte Lesezeit\" \/>\n\t<meta name=\"twitter:data1\" content=\"1 Minute\" \/>\n<script type=\"application\/ld+json\" class=\"yoast-schema-graph\">{\"@context\":\"https:\/\/schema.org\",\"@graph\":[{\"@type\":\"WebPage\",\"@id\":\"https:\/\/kunsthausapartmentsvienna.com\/\",\"url\":\"https:\/\/kunsthausapartmentsvienna.com\/\",\"name\":\"Welcome to Kunsthaus Apartments in Landstrasse, 1030 Vienna - Kunsthaus Apartments\",\"isPartOf\":{\"@id\":\"https:\/\/kunsthausapartmentsvienna.com\/#website\"},\"primaryImageOfPage\":{\"@id\":\"https:\/\/kunsthausapartmentsvienna.com\/#primaryimage\"},\"image\":{\"@id\":\"https:\/\/kunsthausapartmentsvienna.com\/#primaryimage\"},\"thumbnailUrl\":\"https:\/\/kunsthausapartmentsvienna.com\/wp-content\/uploads\/2023\/07\/11446455.jpg\",\"datePublished\":\"2012-07-19T12:48:25+00:00\",\"dateModified\":\"2023-07-10T16:00:22+00:00\",\"description\":\"Discover the Kunsthaus Apartments in Landstrasse, 1030 Vienna. These beautiful apartments located in Austria's vibrant capital city of Vienna offer a comfortable and convenient stay for travelers. Explore the amenities, services, and attractions nearby.\",\"breadcrumb\":{\"@id\":\"https:\/\/kunsthausapartmentsvienna.com\/#breadcrumb\"},\"inLanguage\":\"de-AT\",\"potentialAction\":[{\"@type\":\"ReadAction\",\"target\":[\"https:\/\/kunsthausapartmentsvienna.com\/\"]}]},{\"@type\":\"ImageObject\",\"inLanguage\":\"de-AT\",\"@id\":\"https:\/\/kunsthausapartmentsvienna.com\/#primaryimage\",\"url\":\"https:\/\/kunsthausapartmentsvienna.com\/wp-content\/uploads\/2023\/07\/11446455.jpg\",\"contentUrl\":\"https:\/\/kunsthausapartmentsvienna.com\/wp-content\/uploads\/2023\/07\/11446455.jpg\",\"width\":1024,\"height\":685,\"caption\":\"Kunsthaus Apartments\"},{\"@type\":\"BreadcrumbList\",\"@id\":\"https:\/\/kunsthausapartmentsvienna.com\/#breadcrumb\",\"itemListElement\":[{\"@type\":\"ListItem\",\"position\":1,\"name\":\"Home\",\"item\":\"https:\/\/kunsthausapartmentsvienna.com\/\"},{\"@type\":\"ListItem\",\"position\":2,\"name\":\"Welcome to Kunsthaus Apartments in Landstrasse, 1030 Vienna\"}]},{\"@type\":\"WebSite\",\"@id\":\"https:\/\/kunsthausapartmentsvienna.com\/#website\",\"url\":\"https:\/\/kunsthausapartmentsvienna.com\/\",\"name\":\"Kunsthaus Apartments\",\"description\":\"Kunsthaus Apartments in der Landstra\u00dfe, 1030 Wien\",\"publisher\":{\"@id\":\"https:\/\/kunsthausapartmentsvienna.com\/#organization\"},\"potentialAction\":[{\"@type\":\"SearchAction\",\"target\":{\"@type\":\"EntryPoint\",\"urlTemplate\":\"https:\/\/kunsthausapartmentsvienna.com\/?s={search_term_string}\"},\"query-input\":{\"@type\":\"PropertyValueSpecification\",\"valueRequired\":true,\"valueName\":\"search_term_string\"}}],\"inLanguage\":\"de-AT\"},{\"@type\":\"Organization\",\"@id\":\"https:\/\/kunsthausapartmentsvienna.com\/#organization\",\"name\":\"Kunsthaus Apartments\",\"url\":\"https:\/\/kunsthausapartmentsvienna.com\/\",\"logo\":{\"@type\":\"ImageObject\",\"inLanguage\":\"de-AT\",\"@id\":\"https:\/\/kunsthausapartmentsvienna.com\/#\/schema\/logo\/image\/\",\"url\":\"https:\/\/kunsthausapartmentsvienna.com\/wp-content\/uploads\/2023\/07\/logo-a.png\",\"contentUrl\":\"https:\/\/kunsthausapartmentsvienna.com\/wp-content\/uploads\/2023\/07\/logo-a.png\",\"width\":170,\"height\":70,\"caption\":\"Kunsthaus Apartments\"},\"image\":{\"@id\":\"https:\/\/kunsthausapartmentsvienna.com\/#\/schema\/logo\/image\/\"},\"sameAs\":[\"https:\/\/www.facebook.com\/kunsthausapartments\"]}]}<\/script>\n<!-- \/ Yoast SEO plugin. -->","yoast_head_json":{"title":"Welcome to Kunsthaus Apartments in Landstrasse, 1030 Vienna - Kunsthaus Apartments","description":"Discover the Kunsthaus Apartments in Landstrasse, 1030 Vienna. These beautiful apartments located in Austria's vibrant capital city of Vienna offer a comfortable and convenient stay for travelers. Explore the amenities, services, and attractions nearby.","robots":{"index":"index","follow":"follow","max-snippet":"max-snippet:-1","max-image-preview":"max-image-preview:large","max-video-preview":"max-video-preview:-1"},"canonical":"https:\/\/kunsthausapartmentsvienna.com\/de\/","og_locale":"de_DE","og_type":"article","og_title":"Welcome to Kunsthaus Apartments in Landstrasse, 1030 Vienna - Kunsthaus Apartments","og_description":"Discover the Kunsthaus Apartments in Landstrasse, 1030 Vienna. These beautiful apartments located in Austria's vibrant capital city of Vienna offer a comfortable and convenient stay for travelers. Explore the amenities, services, and attractions nearby.","og_url":"https:\/\/kunsthausapartmentsvienna.com\/de\/","og_site_name":"Kunsthaus Apartments","article_publisher":"https:\/\/www.facebook.com\/kunsthausapartments","article_modified_time":"2023-07-10T16:00:22+00:00","og_image":[{"width":1024,"height":685,"url":"https:\/\/kunsthausapartmentsvienna.com\/wp-content\/uploads\/2023\/07\/11446455.jpg","type":"image\/jpeg"}],"twitter_card":"summary_large_image","twitter_misc":{"Gesch\u00e4tzte Lesezeit":"1 Minute"},"schema":{"@context":"https:\/\/schema.org","@graph":[{"@type":"WebPage","@id":"https:\/\/kunsthausapartmentsvienna.com\/","url":"https:\/\/kunsthausapartmentsvienna.com\/","name":"Welcome to Kunsthaus Apartments in Landstrasse, 1030 Vienna - Kunsthaus Apartments","isPartOf":{"@id":"https:\/\/kunsthausapartmentsvienna.com\/#website"},"primaryImageOfPage":{"@id":"https:\/\/kunsthausapartmentsvienna.com\/#primaryimage"},"image":{"@id":"https:\/\/kunsthausapartmentsvienna.com\/#primaryimage"},"thumbnailUrl":"https:\/\/kunsthausapartmentsvienna.com\/wp-content\/uploads\/2023\/07\/11446455.jpg","datePublished":"2012-07-19T12:48:25+00:00","dateModified":"2023-07-10T16:00:22+00:00","description":"Discover the Kunsthaus Apartments in Landstrasse, 1030 Vienna. These beautiful apartments located in Austria's vibrant capital city of Vienna offer a comfortable and convenient stay for travelers. Explore the amenities, services, and attractions nearby.","breadcrumb":{"@id":"https:\/\/kunsthausapartmentsvienna.com\/#breadcrumb"},"inLanguage":"de-AT","potentialAction":[{"@type":"ReadAction","target":["https:\/\/kunsthausapartmentsvienna.com\/"]}]},{"@type":"ImageObject","inLanguage":"de-AT","@id":"https:\/\/kunsthausapartmentsvienna.com\/#primaryimage","url":"https:\/\/kunsthausapartmentsvienna.com\/wp-content\/uploads\/2023\/07\/11446455.jpg","contentUrl":"https:\/\/kunsthausapartmentsvienna.com\/wp-content\/uploads\/2023\/07\/11446455.jpg","width":1024,"height":685,"caption":"Kunsthaus Apartments"},{"@type":"BreadcrumbList","@id":"https:\/\/kunsthausapartmentsvienna.com\/#breadcrumb","itemListElement":[{"@type":"ListItem","position":1,"name":"Home","item":"https:\/\/kunsthausapartmentsvienna.com\/"},{"@type":"ListItem","position":2,"name":"Welcome to Kunsthaus Apartments in Landstrasse, 1030 Vienna"}]},{"@type":"WebSite","@id":"https:\/\/kunsthausapartmentsvienna.com\/#website","url":"https:\/\/kunsthausapartmentsvienna.com\/","name":"Kunsthaus Apartments","description":"Kunsthaus Apartments in der Landstra\u00dfe, 1030 Wien","publisher":{"@id":"https:\/\/kunsthausapartmentsvienna.com\/#organization"},"potentialAction":[{"@type":"SearchAction","target":{"@type":"EntryPoint","urlTemplate":"https:\/\/kunsthausapartmentsvienna.com\/?s={search_term_string}"},"query-input":{"@type":"PropertyValueSpecification","valueRequired":true,"valueName":"search_term_string"}}],"inLanguage":"de-AT"},{"@type":"Organization","@id":"https:\/\/kunsthausapartmentsvienna.com\/#organization","name":"Kunsthaus Apartments","url":"https:\/\/kunsthausapartmentsvienna.com\/","logo":{"@type":"ImageObject","inLanguage":"de-AT","@id":"https:\/\/kunsthausapartmentsvienna.com\/#\/schema\/logo\/image\/","url":"https:\/\/kunsthausapartmentsvienna.com\/wp-content\/uploads\/2023\/07\/logo-a.png","contentUrl":"https:\/\/kunsthausapartmentsvienna.com\/wp-content\/uploads\/2023\/07\/logo-a.png","width":170,"height":70,"caption":"Kunsthaus Apartments"},"image":{"@id":"https:\/\/kunsthausapartmentsvienna.com\/#\/schema\/logo\/image\/"},"sameAs":["https:\/\/www.facebook.com\/kunsthausapartments"]}]}},"_links":{"self":[{"href":"https:\/\/kunsthausapartmentsvienna.com\/de\/wp-json\/wp\/v2\/pages\/6","targetHints":{"allow":["GET"]}}],"collection":[{"href":"https:\/\/kunsthausapartmentsvienna.com\/de\/wp-json\/wp\/v2\/pages"}],"about":[{"href":"https:\/\/kunsthausapartmentsvienna.com\/de\/wp-json\/wp\/v2\/types\/page"}],"author":[{"embeddable":true,"href":"https:\/\/kunsthausapartmentsvienna.com\/de\/wp-json\/wp\/v2\/users\/1"}],"replies":[{"embeddable":true,"href":"https:\/\/kunsthausapartmentsvienna.com\/de\/wp-json\/wp\/v2\/comments?post=6"}],"version-history":[{"count":4,"href":"https:\/\/kunsthausapartmentsvienna.com\/de\/wp-json\/wp\/v2\/pages\/6\/revisions"}],"predecessor-version":[{"id":694,"href":"https:\/\/kunsthausapartmentsvienna.com\/de\/wp-json\/wp\/v2\/pages\/6\/revisions\/694"}],"wp:featuredmedia":[{"embeddable":true,"href":"https:\/\/kunsthausapartmentsvienna.com\/de\/wp-json\/wp\/v2\/media\/695"}],"wp:attachment":[{"href":"https:\/\/kunsthausapartmentsvienna.com\/de\/wp-json\/wp\/v2\/media?parent=6"}],"curies":[{"name":"wp","href":"https:\/\/api.w.org\/{rel}","templated":true}]}}